{"id":78,"date":"2011-07-25T09:20:59","date_gmt":"2011-07-25T07:20:59","guid":{"rendered":"http:\/\/mariesansimportance.net\/blog\/?page_id=78"},"modified":"2013-05-05T11:52:19","modified_gmt":"2013-05-05T09:52:19","slug":"sorganiser-2","status":"publish","type":"page","link":"https:\/\/mariesansimportance.net\/blog\/sorganiser-2\/","title":{"rendered":"s&rsquo;organiser"},"content":{"rendered":"<p><a href=\"http:\/\/mariesansimportance.net\/blog\/wp-content\/uploads\/2011\/07\/puzzle-piece.jpg\"><img loading=\"lazy\" decoding=\"async\" class=\"alignleft size-thumbnail wp-image-79\" title=\"puzzle piece\" alt=\"\" src=\"http:\/\/mariesansimportance.net\/blog\/wp-content\/uploads\/2011\/07\/puzzle-piece-150x150.jpg\" width=\"150\" height=\"150\" srcset=\"https:\/\/mariesansimportance.net\/blog\/wp-content\/uploads\/2011\/07\/puzzle-piece-150x150.jpg 150w, https:\/\/mariesansimportance.net\/blog\/wp-content\/uploads\/2011\/07\/puzzle-piece.jpg 225w\" sizes=\"auto, (max-width: 150px) 100vw, 150px\" \/><\/a>Vous trouverez ici tous les petits outils que j&rsquo;ai cr\u00e9\u00e9 pour mieux vous organiser au quotidien. Je suis s\u00fbre que vous en ferez bon usage (^_^).<\/p>\n<p>* <a title=\"le planning des t\u00e2ches m\u00e9nag\u00e8res\" href=\"http:\/\/mariesansimportance.net\/blog\/le-planning-des-taches-menageres\/\">le planning des t\u00e2ches m\u00e9nag\u00e8res<\/a><\/p>\n<p>* <a title=\"organiser les t\u00e2ches m\u00e9nag\u00e8res \u2013 syst\u00e8me simplifi\u00e9\" href=\"http:\/\/mariesansimportance.net\/blog\/sorganiser-2\/organiser-les-taches-menageres-systeme-simplifie\/\">l&rsquo;organisation des t\u00e2ches m\u00e9nag\u00e8res &#8211; syst\u00e8me simplifi\u00e9<\/a><\/p>\n<p>* <a title=\"le calendrier perp\u00e9tuel\" href=\"http:\/\/mariesansimportance.net\/blog\/le-planning-des-taches-menageres\/le-calendrier-perpetuel\/\">le calendrier perp\u00e9tuel <\/a><\/p>\n<p>* <a title=\"30 trucs \u00e0 faire quand on perd son temps devant la t\u00e9l\u00e9\" href=\"http:\/\/mariesansimportance.net\/blog\/sorganiser-2\/30-trucs-a-faire-quand-on-perd-son-temps-devant-la-tele\/\">30 trucs \u00e0 faire quand on perd son temps devant la t\u00e9l\u00e9<\/a><\/p>\n<p>&nbsp;<\/p>\n","protected":false},"excerpt":{"rendered":"<p>Vous trouverez ici tous les petits outils que j&rsquo;ai cr\u00e9\u00e9 pour mieux vous organiser au quotidien. Je suis s\u00fbre que vous en ferez bon usage (^_^). * le planning des t\u00e2ches m\u00e9nag\u00e8res * l&rsquo;organisation des t\u00e2ches m\u00e9nag\u00e8res &#8211; syst\u00e8me simplifi\u00e9 &hellip; <a href=\"https:\/\/mariesansimportance.net\/blog\/sorganiser-2\/\">Continuer la lecture <span class=\"meta-nav\">&rarr;<\/span><\/a><\/p>\n","protected":false},"author":1,"featured_media":0,"parent":0,"menu_order":0,"comment_status":"open","ping_status":"closed","template":"","meta":{"footnotes":""},"class_list":["post-78","page","type-page","status-publish","hentry"],"_links":{"self":[{"href":"https:\/\/mariesansimportance.net\/blog\/wp-json\/wp\/v2\/pages\/78","targetHints":{"allow":["GET"]}}],"collection":[{"href":"https:\/\/mariesansimportance.net\/blog\/wp-json\/wp\/v2\/pages"}],"about":[{"href":"https:\/\/mariesansimportance.net\/blog\/wp-json\/wp\/v2\/types\/page"}],"author":[{"embeddable":true,"href":"https:\/\/mariesansimportance.net\/blog\/wp-json\/wp\/v2\/users\/1"}],"replies":[{"embeddable":true,"href":"https:\/\/mariesansimportance.net\/blog\/wp-json\/wp\/v2\/comments?post=78"}],"version-history":[{"count":4,"href":"https:\/\/mariesansimportance.net\/blog\/wp-json\/wp\/v2\/pages\/78\/revisions"}],"predecessor-version":[{"id":1558,"href":"https:\/\/mariesansimportance.net\/blog\/wp-json\/wp\/v2\/pages\/78\/revisions\/1558"}],"wp:attachment":[{"href":"https:\/\/mariesansimportance.net\/blog\/wp-json\/wp\/v2\/media?parent=78"}],"curies":[{"name":"wp","href":"https:\/\/api.w.org\/{rel}","templated":true}]}}