{"id":60,"date":"2011-07-24T17:31:39","date_gmt":"2011-07-24T15:31:39","guid":{"rendered":"http:\/\/mariesansimportance.net\/blog\/?page_id=60"},"modified":"2011-07-25T09:22:15","modified_gmt":"2011-07-25T07:22:15","slug":"le-calendrier-perpetuel","status":"publish","type":"page","link":"https:\/\/mariesansimportance.net\/blog\/sorganiser-2\/le-calendrier-perpetuel\/","title":{"rendered":"le calendrier perp\u00e9tuel"},"content":{"rendered":"<p>Chose promise chose due ; donc voil\u00e0 deux mod\u00e8les de calendriers perp\u00e9tuels \u00e0 utiliser pour noter les anniversaires et les \u00e9v\u00e8nements personnels qui arrivent tous les ans.<\/p>\n<p>Le principe de fonctionnement est simple comme bonjour.<\/p>\n<p>1. Vous t\u00e9l\u00e9chargez un des fichiers ci-dessous (ils sont au format pdf). Il y a deux mod\u00e8les, l&rsquo;un d&rsquo;entre eux m&rsquo;a directement \u00e9t\u00e9 inspir\u00e9 par une copine qui vit dans l&rsquo;est ;-)))<br \/>\n2. Vous l&rsquo;imprimez (en couleur ou noir et blanc) sur du papier \u00e0 fort grammage ou sur du brouillon que vous collez (avec de la colle \u00e0 papier) ensuite sur de la cartonnette de r\u00e9cup&rsquo; (paquets de c\u00e9r\u00e9ales, boite de chocolats&#8230;)<br \/>\n3. Vous d\u00e9coupez mois par mois (vous pouvez m\u00eame faire du recto verso)<br \/>\n4. Vous inscrivez chaque anniv&rsquo;\u00a0 \u00e0 la bonne date<br \/>\n5. Vous rangez chaque fiche \u00e0 sa place dans votre super-organiseur<\/p>\n<p>et roule ma poule, vous n&rsquo;oubliez plus les anniversaires !!<\/p>\n<p><a href=\"http:\/\/mariesansimportance.net\/pdf\/calendrier_perpetuel_jungle.pdf\"><img loading=\"lazy\" decoding=\"async\" class=\"aligncenter size-full wp-image-61\" title=\"jungle\" src=\"http:\/\/mariesansimportance.net\/blog\/wp-content\/uploads\/2011\/07\/jungle.png\" alt=\"calendrier perpetuel jungle\" width=\"300\" height=\"230\" \/><\/a><\/p>\n<p><a href=\"http:\/\/mariesansimportance.net\/pdf\/calendrier_perpetuel_playa.pdf\"><img loading=\"lazy\" decoding=\"async\" class=\"aligncenter size-full wp-image-62\" title=\"playa\" src=\"http:\/\/mariesansimportance.net\/blog\/wp-content\/uploads\/2011\/07\/playa.png\" alt=\"calendrier perpetuel playa\" width=\"300\" height=\"230\" \/><\/a><\/p>\n<p>PS : Euh, en ce qui me concerne, mes copines auront remarqu\u00e9 que le syst\u00e8me n&rsquo;est mis en place que depuis peu. Donc, entre les dates que j&rsquo;ai oubli\u00e9 et celles que je n&rsquo;ai jamais connues, va y avoir des r\u00e2t\u00e9s&#8230;<\/p>\n","protected":false},"excerpt":{"rendered":"<p>Chose promise chose due ; donc voil\u00e0 deux mod\u00e8les de calendriers perp\u00e9tuels \u00e0 utiliser pour noter les anniversaires et les \u00e9v\u00e8nements personnels qui arrivent tous les ans. Le principe de fonctionnement est simple comme bonjour. 1. Vous t\u00e9l\u00e9chargez un des &hellip; <a href=\"https:\/\/mariesansimportance.net\/blog\/sorganiser-2\/le-calendrier-perpetuel\/\">Continuer la lecture <span class=\"meta-nav\">&rarr;<\/span><\/a><\/p>\n","protected":false},"author":1,"featured_media":0,"parent":78,"menu_order":0,"comment_status":"open","ping_status":"closed","template":"","meta":{"footnotes":""},"class_list":["post-60","page","type-page","status-publish","hentry"],"_links":{"self":[{"href":"https:\/\/mariesansimportance.net\/blog\/wp-json\/wp\/v2\/pages\/60","targetHints":{"allow":["GET"]}}],"collection":[{"href":"https:\/\/mariesansimportance.net\/blog\/wp-json\/wp\/v2\/pages"}],"about":[{"href":"https:\/\/mariesansimportance.net\/blog\/wp-json\/wp\/v2\/types\/page"}],"author":[{"embeddable":true,"href":"https:\/\/mariesansimportance.net\/blog\/wp-json\/wp\/v2\/users\/1"}],"replies":[{"embeddable":true,"href":"https:\/\/mariesansimportance.net\/blog\/wp-json\/wp\/v2\/comments?post=60"}],"version-history":[{"count":7,"href":"https:\/\/mariesansimportance.net\/blog\/wp-json\/wp\/v2\/pages\/60\/revisions"}],"predecessor-version":[{"id":83,"href":"https:\/\/mariesansimportance.net\/blog\/wp-json\/wp\/v2\/pages\/60\/revisions\/83"}],"up":[{"embeddable":true,"href":"https:\/\/mariesansimportance.net\/blog\/wp-json\/wp\/v2\/pages\/78"}],"wp:attachment":[{"href":"https:\/\/mariesansimportance.net\/blog\/wp-json\/wp\/v2\/media?parent=60"}],"curies":[{"name":"wp","href":"https:\/\/api.w.org\/{rel}","templated":true}]}}