{"id":249,"date":"2011-10-15T14:42:18","date_gmt":"2011-10-15T12:42:18","guid":{"rendered":"http:\/\/mariesansimportance.net\/blog\/?page_id=249"},"modified":"2019-07-23T15:55:38","modified_gmt":"2019-07-23T13:55:38","slug":"je-sonde","status":"publish","type":"page","link":"https:\/\/mariesansimportance.net\/blog\/je-sonde\/","title":{"rendered":"je sonde"},"content":{"rendered":"<p>Vous \u00eates nombreux \u00e0 avoir t\u00e9l\u00e9charg\u00e9 au moins l&rsquo;une des deux versions de mon syst\u00e8me d&rsquo;organisation des t\u00e2ches m\u00e9nag\u00e8res et j&rsquo;esp\u00e8re bien que cela vous a \u00e9t\u00e9 utile.<\/p>\n<p>Aujourd&rsquo;hui, c&rsquo;est moi qui ai besoin de votre aide ; je vous serai \u00e9ternellement reconnaissante si vous acceptiez de bien vouloir r\u00e9pondre \u00e0 ce petit questionnaire (^_^).<\/p>\n<p>J&rsquo;aimerais bien pouvoir aller plus loin dans ce projet et peut-\u00eatre d\u00e9velopper un kit \u00ab\u00a0tout compris\u00a0\u00bb. Je ne sais pas encore si je vais vraiment le faire, \u00e7a d\u00e9pendra de vos r\u00e9ponses d&rsquo;une part et aussi de ma capacit\u00e9 \u00e0 trouver un imprimeur \u00ab\u00a0vert\u00a0\u00bb (ou le plus possible) dans mes prix.<\/p>\n<p>Bref, je n&rsquo;en suis qu&rsquo;au d\u00e9but du processus&#8230;<\/p>\n<p>Merci encore pour votre aide (^_^).<\/p>\n<p><iframe loading=\"lazy\" src=\"https:\/\/docs.google.com\/spreadsheet\/embeddedform?formkey=dFh5UUs1V25zbWowSkR6QnlfUTd4SFE6MQ\" frameborder=\"0\" marginwidth=\"0\" marginheight=\"0\" width=\"670\" height=\"2100\"><\/iframe><\/p>\n","protected":false},"excerpt":{"rendered":"<p>Vous \u00eates nombreux \u00e0 avoir t\u00e9l\u00e9charg\u00e9 au moins l&rsquo;une des deux versions de mon syst\u00e8me d&rsquo;organisation des t\u00e2ches m\u00e9nag\u00e8res et j&rsquo;esp\u00e8re bien que cela vous a \u00e9t\u00e9 utile. Aujourd&rsquo;hui, c&rsquo;est moi qui ai besoin de votre aide ; je vous &hellip; <a href=\"https:\/\/mariesansimportance.net\/blog\/je-sonde\/\">Continuer la lecture <span class=\"meta-nav\">&rarr;<\/span><\/a><\/p>\n","protected":false},"author":1,"featured_media":0,"parent":0,"menu_order":0,"comment_status":"closed","ping_status":"closed","template":"","meta":{"footnotes":""},"class_list":["post-249","page","type-page","status-publish","hentry"],"_links":{"self":[{"href":"https:\/\/mariesansimportance.net\/blog\/wp-json\/wp\/v2\/pages\/249","targetHints":{"allow":["GET"]}}],"collection":[{"href":"https:\/\/mariesansimportance.net\/blog\/wp-json\/wp\/v2\/pages"}],"about":[{"href":"https:\/\/mariesansimportance.net\/blog\/wp-json\/wp\/v2\/types\/page"}],"author":[{"embeddable":true,"href":"https:\/\/mariesansimportance.net\/blog\/wp-json\/wp\/v2\/users\/1"}],"replies":[{"embeddable":true,"href":"https:\/\/mariesansimportance.net\/blog\/wp-json\/wp\/v2\/comments?post=249"}],"version-history":[{"count":13,"href":"https:\/\/mariesansimportance.net\/blog\/wp-json\/wp\/v2\/pages\/249\/revisions"}],"predecessor-version":[{"id":270,"href":"https:\/\/mariesansimportance.net\/blog\/wp-json\/wp\/v2\/pages\/249\/revisions\/270"}],"wp:attachment":[{"href":"https:\/\/mariesansimportance.net\/blog\/wp-json\/wp\/v2\/media?parent=249"}],"curies":[{"name":"wp","href":"https:\/\/api.w.org\/{rel}","templated":true}]}}