{"id":1554,"date":"2013-05-05T11:51:15","date_gmt":"2013-05-05T09:51:15","guid":{"rendered":"http:\/\/mariesansimportance.net\/blog\/?page_id=1554"},"modified":"2013-05-05T11:59:02","modified_gmt":"2013-05-05T09:59:02","slug":"30-trucs-a-faire-quand-on-perd-son-temps-devant-la-tele","status":"publish","type":"page","link":"https:\/\/mariesansimportance.net\/blog\/sorganiser-2\/30-trucs-a-faire-quand-on-perd-son-temps-devant-la-tele\/","title":{"rendered":"30 trucs \u00e0 faire quand on perd son temps devant la t\u00e9l\u00e9"},"content":{"rendered":"<p><a href=\"http:\/\/mariesansimportance.net\/blog\/wp-content\/uploads\/2013\/05\/mire.jpg\"><img loading=\"lazy\" decoding=\"async\" class=\"alignleft  wp-image-1555\" alt=\"mire\" src=\"http:\/\/mariesansimportance.net\/blog\/wp-content\/uploads\/2013\/05\/mire.jpg\" width=\"257\" height=\"193\" srcset=\"https:\/\/mariesansimportance.net\/blog\/wp-content\/uploads\/2013\/05\/mire.jpg 1188w, https:\/\/mariesansimportance.net\/blog\/wp-content\/uploads\/2013\/05\/mire-300x225.jpg 300w, https:\/\/mariesansimportance.net\/blog\/wp-content\/uploads\/2013\/05\/mire-1024x768.jpg 1024w, https:\/\/mariesansimportance.net\/blog\/wp-content\/uploads\/2013\/05\/mire-768x576.jpg 768w, https:\/\/mariesansimportance.net\/blog\/wp-content\/uploads\/2013\/05\/mire-400x300.jpg 400w\" sizes=\"auto, (max-width: 257px) 100vw, 257px\" \/><\/a>Comme vous le savez peut-\u00eatre, je n&rsquo;ai pas la t\u00e9l\u00e9 mais il m&rsquo;arrive parfois d&rsquo;avoir envie de me vider la t\u00eate devant une s\u00e9rie d\u00e9bile ou une \u00e9mission \u00e0 la con (c&rsquo;est pour \u00e7a que le replay existe). Mais mine de rien, j&rsquo;ai quand m\u00eame l&rsquo;impression de perdre mon temps qui pourrait \u00eatre bien mieux employ\u00e9 (petite parenth\u00e8se : bizarrement, je n&rsquo;ai pas du tout cette impression quand je r\u00eavasse sur ma terrasse en \u00e9coutant le bruit des oiseaux).<\/p>\n<p>Au gr\u00e9 de mes errances internetesques, je suis tomb\u00e9e sur <a href=\"http:\/\/www.kathilipp.com\/2013\/04\/30organizingprojectstodowhilewatchingtv\/\">cet article<\/a> intitul\u00e9 bien \u00e0 propos : <em>30 Organizing Projects You Can Do While Watching a 30 Minute TV Show.<\/em><\/p>\n<p>Je n&rsquo;ai pas fait une traduction tr\u00e8s fid\u00e8le, j&rsquo;ai \u00e9limin\u00e9 un des trucs et lui ai substitu\u00e9 un autre truc que je fais (j&rsquo;en ai rajout\u00e9 un aussi, le trouverez-vous (^_^) ? ), j&rsquo;en ai adapt\u00e9 certains \u00e0 ma sauce et j&rsquo;ai m\u00eame par moment fait des commentaires (pff&#8230;). Alors voil\u00e0 :<\/p>\n<p>1. Faites le tri dans votre sac \u00e0 main, sac de cours, <a href=\"http:\/\/fr.wiktionary.org\/wiki\/baise-en-ville\">baise-en-ville<\/a>&#8230;<br \/>\n2. Faites le tri dans votre t\u00e9l\u00e9phone (num\u00e9ros, messages&#8230;) et\/ou dans vos e-mails<br \/>\n3. Nettoyer votre clavier d&rsquo;ordi (oui, utiliser un trombone pour enlever les petites saloperies coinc\u00e9es entre les touches)<br \/>\n4. Enlever de votre porte-cl\u00e9s, les cl\u00e9s que vous n&rsquo;utilisez plus<br \/>\n5. Rassemblez (enfin) les paires de chaussettes, jetez ou recyclez les chaussettes d\u00e9finitivement seules<br \/>\n6. Attaquez-vous \u00e0 la pile de magazines et d\u00e9coupez les articles qui vous interessent VRAIMENT et \u00e0 part si vous utilisez les magazines pour autre chose, jetez tout ce qui reste (dans le bac de tri, of course)<br \/>\n7. Marquez votre nom dans vos livres &#8211; dans ceux que vous voulez garder<br \/>\n8. Triez (enfin) toutes vos recettes et classer-les dans un classeur (ou recopier-les dans un cahier)<br \/>\n9. D\u00e9chiquetez avant de les jeter les documents qui contiennent des informations personnelles (vous savez bien de quoi je parle, les pur\u00e9es de pois de bons de commande de la Blanche Porte et autre Redoute ou 3 Suisses que les sus-dits s&rsquo;\u00e9chinent \u00e0 vous envoyer et que de toutes fa\u00e7ons, vous n&rsquo;utiliserez jamais)<br \/>\n10. Etablissez un plan hebdomadaire de menus (perso, je ne fais JAMAIS de plan hebdomadaire de menus vu que \u00e7a d\u00e9pend de ce que j&rsquo;ach\u00e8te au march\u00e9 et que ce que j&rsquo;ach\u00e8te au march\u00e9 d\u00e9pend de 1. la saison, 2. les sous que j&rsquo;ai dans mon porte-monnaie et 3. mes envies du moment)<br \/>\n11. Faites le tri dans vos stylos et crayons (taillez tous ceux qui se taillent, changez les cartouches&#8230;) &#8211; jetez tous ceux qui ne fonctionnent plus. Bonus : si vous avez des pastels dont vous ne savez que faire (comme moi), <a href=\"http:\/\/www.flickr.com\/photos\/61951289@N08\/5672821563\/sizes\/l\/in\/photostream\/\">essayez \u00e7a<\/a>.<br \/>\n12. Faites le tri dans vos CDs et DVDs (vous avez encore des DVD&rsquo;s ???!!!!)<br \/>\n13. Triez votre courrier<br \/>\n14. Triez et nettoyez le sac \u00e0 langer (???!!!!)<br \/>\n15. R\u00e9pondez \u00e0 au moins 10 emails<br \/>\n16. Attrapez un des tiroirs de la cuisine et triez, rangez, jetez<br \/>\n17. Ecrivez et mettez sous enveloppe les cartes d&rsquo;anniversaire du mois (quoi, vous n&rsquo;avez pas encore de syst\u00e8me d&rsquo;organisation des anniversaires ??!! un coup de pouce <a title=\"le calendrier perp\u00e9tuel\" href=\"http:\/\/mariesansimportance.net\/blog\/sorganiser-2\/le-calendrier-perpetuel\/\">ici<\/a>)<br \/>\n18. Ecrivez 3 messages (papier ou emails) de remerciement (\u00e0 des gens pour des trucs qu&rsquo;ils ont fait pour vous, s\u00fbrement&#8230;)<br \/>\n19. Commencez votre liste de courses (quoi, vous n&rsquo;avez pas de liste de courses ??!! nan, je rigole)<br \/>\n20. Recousez les boutons qui manquent sur vos chemises, polos, pantalons, jupes&#8230;<br \/>\n21. Pliez le linge et rangez-le<br \/>\n22. Si vous n&rsquo;avez pas mis d&rsquo;\u00e9tiquette anti pub sur votre boite aux lettres (ce qui est mal, allez donc me r\u00e9citer 3 notre p\u00e8re, esp\u00e8ce de vaurien), vous devez \u00eatre submerg\u00e9s de prospectus. C&rsquo;est le moment de d\u00e9couper les coupons et autres r\u00e9ductions et de les mettre dans votre porte-feuille (n&rsquo;oubliez pas de ne s\u00e9lectionner que les choses que vous auriez achet\u00e9s m\u00eame sans r\u00e9duction) &#8211; ouaich, autant vous dire que je trouve ce truc assez nul mais bon !<br \/>\n23. Rassemblez toutes les cartes de visite et triez-les. Jetez celles qui ne vous servent \u00e0 rien et notez les contacts int\u00e9ressants dans votre ordi et\/ou t\u00e9l\u00e9phone &#8211; \u00ab\u00a0Charles, je suis litt\u00e9ralement inond\u00e9e de cartes de visite de tous ces gens que je rencontre, mais que dois-je faire ? &#8211; M&rsquo;enfin Genevi\u00e8ve, on vient de vous le dire ce que vous devez faire !\u00a0\u00bb<br \/>\n24. Prenez des photos des \u0153uvres de vos enfants (dessins, colliers de nouilles&#8230;) avant de leur faire subir une cure d&rsquo;amincissement (en gros, jetez, tout ce que vous ne souhaitez pas garder).<br \/>\n25. Triez et nettoyez le sac d&rsquo;\u00e9cole des enfants (et leur trousse par la m\u00eame occasion) &#8211; mais de quoi je me m\u00eale ?<br \/>\n26. Organisez les agendas de toute la famille ??!!<br \/>\n27. Transf\u00e9rez les photos de votre t\u00e9l\u00e9phone sur votre ordi<br \/>\n28. Passez vos commandes sur internet, ouaich !<br \/>\n29. T\u00e9l\u00e9chargez (l\u00e9galement \u00e9videmment) tout ce dont vous avez besoin pour vos futurs d\u00e9placements (livre audio, musique, films&#8230;).<br \/>\n30. Faites des exercices de musculation oculaire. Plus d&rsquo;infos <a href=\"http:\/\/www.choisir-ses-lunettes.com\/gymnastique-oculaire-la-gym-des-yeux-fatigues.html\">ici<\/a>.<\/p>\n<p>31. \u00c9teignez la t\u00e9l\u00e9 et allez \u00e9couter les zoiseaux.<\/p>\n<p>&nbsp;<\/p>\n<p>&nbsp;<\/p>\n","protected":false},"excerpt":{"rendered":"<p>Comme vous le savez peut-\u00eatre, je n&rsquo;ai pas la t\u00e9l\u00e9 mais il m&rsquo;arrive parfois d&rsquo;avoir envie de me vider la t\u00eate devant une s\u00e9rie d\u00e9bile ou une \u00e9mission \u00e0 la con (c&rsquo;est pour \u00e7a que le replay existe). Mais mine &hellip; <a href=\"https:\/\/mariesansimportance.net\/blog\/sorganiser-2\/30-trucs-a-faire-quand-on-perd-son-temps-devant-la-tele\/\">Continuer la lecture <span class=\"meta-nav\">&rarr;<\/span><\/a><\/p>\n","protected":false},"author":1,"featured_media":0,"parent":78,"menu_order":0,"comment_status":"open","ping_status":"open","template":"","meta":{"footnotes":""},"class_list":["post-1554","page","type-page","status-publish","hentry"],"_links":{"self":[{"href":"https:\/\/mariesansimportance.net\/blog\/wp-json\/wp\/v2\/pages\/1554","targetHints":{"allow":["GET"]}}],"collection":[{"href":"https:\/\/mariesansimportance.net\/blog\/wp-json\/wp\/v2\/pages"}],"about":[{"href":"https:\/\/mariesansimportance.net\/blog\/wp-json\/wp\/v2\/types\/page"}],"author":[{"embeddable":true,"href":"https:\/\/mariesansimportance.net\/blog\/wp-json\/wp\/v2\/users\/1"}],"replies":[{"embeddable":true,"href":"https:\/\/mariesansimportance.net\/blog\/wp-json\/wp\/v2\/comments?post=1554"}],"version-history":[{"count":4,"href":"https:\/\/mariesansimportance.net\/blog\/wp-json\/wp\/v2\/pages\/1554\/revisions"}],"predecessor-version":[{"id":1561,"href":"https:\/\/mariesansimportance.net\/blog\/wp-json\/wp\/v2\/pages\/1554\/revisions\/1561"}],"up":[{"embeddable":true,"href":"https:\/\/mariesansimportance.net\/blog\/wp-json\/wp\/v2\/pages\/78"}],"wp:attachment":[{"href":"https:\/\/mariesansimportance.net\/blog\/wp-json\/wp\/v2\/media?parent=1554"}],"curies":[{"name":"wp","href":"https:\/\/api.w.org\/{rel}","templated":true}]}}