{"id":144,"date":"2011-08-11T21:09:31","date_gmt":"2011-08-11T19:09:31","guid":{"rendered":"http:\/\/mariesansimportance.net\/blog\/?page_id=144"},"modified":"2015-03-26T17:15:08","modified_gmt":"2015-03-26T16:15:08","slug":"organiser-les-taches-menageres-systeme-simplifie","status":"publish","type":"page","link":"https:\/\/mariesansimportance.net\/blog\/sorganiser-2\/organiser-les-taches-menageres-systeme-simplifie\/","title":{"rendered":"organiser les t\u00e2ches m\u00e9nag\u00e8res &#8211; syst\u00e8me simplifi\u00e9"},"content":{"rendered":"<p><a href=\"http:\/\/mariesansimportance.net\/blog\/wp-content\/uploads\/2011\/08\/coeur_vert_150.png\"><img loading=\"lazy\" decoding=\"async\" class=\"alignleft size-full wp-image-147\" title=\"coeur_vert_150\" src=\"http:\/\/mariesansimportance.net\/blog\/wp-content\/uploads\/2011\/08\/coeur_vert_150.png\" alt=\"\" width=\"150\" height=\"150\" \/><\/a>Si vous avez d\u00e9j\u00e0 lu et essay\u00e9 mon <a title=\"organiser le m\u00e9nage\" href=\"http:\/\/mariesansimportance.net\/blog\/sorganiser-2\/organiser-le-menage\/\">syst\u00e8me d&rsquo;organisation des t\u00e2ches m\u00e9nag\u00e8res<\/a>, vous savez d\u00e9j\u00e0 utiliser le super organiseur. Sinon, allez le lire <a title=\"organiser le m\u00e9nage\" href=\"http:\/\/mariesansimportance.net\/blog\/sorganiser-2\/organiser-le-menage\/\">l\u00e0<\/a>.<\/p>\n<p>Comme toutes les personnes attir\u00e9es par les syst\u00e8mes d&rsquo;organisation (si, si il y en a), je me lasse tr\u00e8s vite. Je teste donc depuis plusieurs mois une simplification destin\u00e9e aux t\u00e2ches hebdomadaires et quotidiennes.<\/p>\n<p>Comment vous y prendre ?<\/p>\n<p>1. t\u00e9l\u00e9chargez et imprimez (ou recopiez) <a href=\"http:\/\/mariesansimportance.net\/pdf\/simplification_systeme_orga.pdf\">ces fiches<\/a> &#8211; il y en a, non plus une par t\u00e2che (comme dans l&rsquo;ancien syst\u00e8me) mais une par jour<\/p>\n<p>2. notez au crayon \u00e0 papier toutes les t\u00e2ches dans la colonne \u00ab\u00a0activit\u00e9s\u00a0\u00bb et \u00e9valuez le temps maximal que vous souhaitez y consacrer<\/p>\n<p>3. le matin (ou quand vous rentrez du boulot ou quand vous voulez dans la journ\u00e9e), prenez votre carte \u00ab\u00a0jour\u00a0\u00bb et faites toutes les t\u00e2ches inscrites (vous pouvez bien s\u00fbr r\u00e9partir tout \u00e7a tout au long de la journ\u00e9e et caler les t\u00e2ches entre des activit\u00e9s bien plus int\u00e9ressantes)<\/p>\n<p>4. notez un X dans la colonne S1 (semaine 1) pour chaque t\u00e2che r\u00e9alis\u00e9e, un &#8212; pour une t\u00e2che non n\u00e9cessaire (finalement le lavabo n&rsquo;\u00e9tait pas si sale que \u00e7a) ou un 0 lorsque vous auriez du faire cette t\u00e2che mais que pour une raison ou une autre vous n&rsquo;avez pas pu la r\u00e9aliser<\/p>\n<p>Les colonnes S1 \u00e0 S5 couvrent donc 5 semaines et vous permettent \u00e9ventuellement d&rsquo;ajuster votre syst\u00e8me. Par exemple, vous vous rendez compte qu&rsquo;il ne sert \u00e0 rien de programmer la d\u00e9sinfection de la poubelle tous les jours (ou alors au contraire, il faudrait pr\u00e9voir de faire la vaisselle plus d&rsquo;une fois par semaine (^_^)).<\/p>\n<p>Quand vous avez rempli toutes les colonnes S1 \u00e0 S5, gommez vos X, vos &#8212; et vos 0, et c&rsquo;est reparti pour 5 semaines. C&rsquo;est \u00e9galement le moment de changer \u00e9ventuellement la nature des activit\u00e9s ou les temps allou\u00e9s.<\/p>\n<p>Petite remarque : en ce qui me concerne, il y a des jours o\u00f9 je ne me programme pas plus de 2 ou 3 t\u00e2ches m\u00e9nag\u00e8res parce que je sais que ces jours-l\u00e0, je rentre claqu\u00e9e du boulot et que je n&rsquo;ai plus aucune \u00e9nergie. Et puis, il y a des jours o\u00f9 il y a plus \u00e0 faire&#8230;<\/p>\n","protected":false},"excerpt":{"rendered":"<p>Si vous avez d\u00e9j\u00e0 lu et essay\u00e9 mon syst\u00e8me d&rsquo;organisation des t\u00e2ches m\u00e9nag\u00e8res, vous savez d\u00e9j\u00e0 utiliser le super organiseur. Sinon, allez le lire l\u00e0. Comme toutes les personnes attir\u00e9es par les syst\u00e8mes d&rsquo;organisation (si, si il y en a), &hellip; <a href=\"https:\/\/mariesansimportance.net\/blog\/sorganiser-2\/organiser-les-taches-menageres-systeme-simplifie\/\">Continuer la lecture <span class=\"meta-nav\">&rarr;<\/span><\/a><\/p>\n","protected":false},"author":1,"featured_media":0,"parent":78,"menu_order":0,"comment_status":"open","ping_status":"open","template":"","meta":{"footnotes":""},"class_list":["post-144","page","type-page","status-publish","hentry"],"_links":{"self":[{"href":"https:\/\/mariesansimportance.net\/blog\/wp-json\/wp\/v2\/pages\/144","targetHints":{"allow":["GET"]}}],"collection":[{"href":"https:\/\/mariesansimportance.net\/blog\/wp-json\/wp\/v2\/pages"}],"about":[{"href":"https:\/\/mariesansimportance.net\/blog\/wp-json\/wp\/v2\/types\/page"}],"author":[{"embeddable":true,"href":"https:\/\/mariesansimportance.net\/blog\/wp-json\/wp\/v2\/users\/1"}],"replies":[{"embeddable":true,"href":"https:\/\/mariesansimportance.net\/blog\/wp-json\/wp\/v2\/comments?post=144"}],"version-history":[{"count":8,"href":"https:\/\/mariesansimportance.net\/blog\/wp-json\/wp\/v2\/pages\/144\/revisions"}],"predecessor-version":[{"id":1944,"href":"https:\/\/mariesansimportance.net\/blog\/wp-json\/wp\/v2\/pages\/144\/revisions\/1944"}],"up":[{"embeddable":true,"href":"https:\/\/mariesansimportance.net\/blog\/wp-json\/wp\/v2\/pages\/78"}],"wp:attachment":[{"href":"https:\/\/mariesansimportance.net\/blog\/wp-json\/wp\/v2\/media?parent=144"}],"curies":[{"name":"wp","href":"https:\/\/api.w.org\/{rel}","templated":true}]}}